{"id":22,"date":"2022-10-21T00:59:03","date_gmt":"2022-10-21T00:59:03","guid":{"rendered":"https:\/\/soilar.tech\/br\/?page_id=22"},"modified":"2023-02-08T17:33:28","modified_gmt":"2023-02-08T17:33:28","slug":"lideranca-do-pensamento","status":"publish","type":"page","link":"https:\/\/soilar.tech\/br\/lideranca-do-pensamento\/","title":{"rendered":"Lideran\u00e7a do Pensamento"},"content":{"rendered":"\n<section class=\"wp-block-uagb-section uagb-section__wrap uagb-section__background-none uagb-block-c9529285\"><div class=\"uagb-section__overlay\"><\/div><div class=\"uagb-section__inner-wrap\">\n<section class=\"wp-block-uagb-columns uagb-columns__wrap uagb-columns__background-none uagb-columns__stack-mobile uagb-columns__valign- uagb-columns__gap-10 align uagb-block-f0691334 uagb-columns__columns-3 uagb-columns__max_width-theme\"><div class=\"uagb-columns__overlay\"><\/div><div class=\"uagb-columns__inner-wrap uagb-columns__columns-3\">\n<div class=\"wp-block-uagb-column uagb-column__wrap uagb-column__background-undefined uagb-block-f80c366c\"><div class=\"uagb-column__overlay\"><\/div><\/div>\n\n\n\n<div class=\"wp-block-uagb-column uagb-column__wrap uagb-column__background-undefined uagb-block-73efbda4\"><div class=\"uagb-column__overlay\"><\/div>\n<p>Mitiga\u00e7\u00e3o da sujeira fotovoltaica da Pr\u00f3xima gera\u00e7\u00e3o \u00e9 uma frase que foi cunhada por Carla Dawson, Ben Figgis e Klemens Ilse em 2022. A defini\u00e7\u00e3o atual \u00e9<\/p>\n\n\n\n<p>&#8220;Mitigar a sujeira fotovoltaica utilizando tecnologias do s\u00e9culo 21 em todo o ciclo de vida das usinas fotovoltaicas com o objetivo de aumentar o desempenho, confiabilidade, vida \u00fatil dos ativos e conformidade com a garantia.<\/p>\n\n\n\n<p>A mitiga\u00e7\u00e3o de sujeira fotovoltaica da Pr\u00f3xima gera\u00e7\u00e3o \u00e9 tipicamente um sistema inteligente enriquecido com dados que combina tecnologias como rob\u00f3tica de limpeza de m\u00f3dulos fotovoltaicos, revestimentos anti-solo fotovoltaicos, testes de abras\u00e3o fotovoltaica, solu\u00e7\u00f5es de dissuas\u00e3o de aves, monitoramento de sujeira fotovoltaica, escudos eletrodin\u00e2micos (EDS), preven\u00e7\u00e3o de condensa\u00e7\u00e3o, posi\u00e7\u00e3o de rastreador\/armazenamento e otimiza\u00e7\u00e3o do cronograma de limpeza, software de limpeza de m\u00f3dulos fotovoltaicos, an\u00e1lise e outras tecnologias.&#8221;<\/p>\n<\/div>\n\n\n\n<div class=\"wp-block-uagb-column uagb-column__wrap uagb-column__background-undefined uagb-block-0a5491c3\"><div class=\"uagb-column__overlay\"><\/div><\/div>\n<\/div><\/section>\n\n\n\n<section class=\"wp-block-uagb-columns uagb-columns__wrap uagb-columns__background-none uagb-columns__stack-mobile uagb-columns__valign- uagb-columns__gap-10 align uagb-block-134cf64c uagb-columns__columns-3 uagb-columns__max_width-theme\"><div class=\"uagb-columns__overlay\"><\/div><div class=\"uagb-columns__inner-wrap uagb-columns__columns-3\">\n<div class=\"wp-block-uagb-column uagb-column__wrap uagb-column__background-undefined uagb-block-487e8cc4\"><div class=\"uagb-column__overlay\"><\/div><\/div>\n\n\n\n<div class=\"wp-block-uagb-column uagb-column__wrap uagb-column__background-undefined uagb-block-ac11649c\"><div class=\"uagb-column__overlay\"><\/div>\n<h1 class=\"has-text-align-center wp-block-heading\">Lideran\u00e7a do Pensamento<\/h1>\n\n\n\n<p class=\"has-text-align-center\">Uma nova ind\u00fastria est\u00e1 nascendo<\/p>\n<\/div>\n\n\n\n<div class=\"wp-block-uagb-column uagb-column__wrap uagb-column__background-undefined uagb-block-edaba8b1\"><div class=\"uagb-column__overlay\"><\/div><\/div>\n<\/div><\/section>\n\n\n<div class=\"wp-block-image\">\n<figure class=\"aligncenter size-full\"><img loading=\"lazy\" decoding=\"async\" width=\"1035\" height=\"674\" src=\"https:\/\/soilar.tech\/br\/wp-content\/uploads\/sites\/4\/2023\/02\/SOILAR-TEchnologies.png\" alt=\"\" class=\"wp-image-363\" title=\"\" srcset=\"https:\/\/soilar.tech\/br\/wp-content\/uploads\/sites\/4\/2023\/02\/SOILAR-TEchnologies.png 1035w, https:\/\/soilar.tech\/br\/wp-content\/uploads\/sites\/4\/2023\/02\/SOILAR-TEchnologies-744x484.png 744w, https:\/\/soilar.tech\/br\/wp-content\/uploads\/sites\/4\/2023\/02\/SOILAR-TEchnologies-768x500.png 768w\" sizes=\"auto, (max-width: 1035px) 100vw, 1035px\" \/><\/figure>\n<\/div>\n\n\n<section class=\"wp-block-uagb-columns uagb-columns__wrap uagb-columns__background-none uagb-columns__stack-mobile uagb-columns__valign- uagb-columns__gap-10 align uagb-block-30bf2a67 uagb-columns__columns-3 uagb-columns__max_width-theme\"><div class=\"uagb-columns__overlay\"><\/div><div class=\"uagb-columns__inner-wrap uagb-columns__columns-3\">\n<div class=\"wp-block-uagb-column uagb-column__wrap uagb-column__background-undefined uagb-block-aaf1a461\"><div class=\"uagb-column__overlay\"><\/div><\/div>\n\n\n\n<div class=\"wp-block-uagb-column uagb-column__wrap uagb-column__background-undefined uagb-block-f3efe04c\"><div class=\"uagb-column__overlay\"><\/div>\n<p>Avan\u00e7os tecnol\u00f3gicos est\u00e3o ocorrendo constantemente devido \u00e0 disrup\u00e7\u00e3o digital e com esse cen\u00e1rio, as empresas t\u00eam que entrar na corrida tecnol\u00f3gica para estar sempre atualizada.<\/p>\n\n\n\n<p>A lideran\u00e7a do pensamento \u00e9 um ve\u00edculo para as empresas posicionarem conceitos, ideias diante de seus p\u00fablicos. <\/p>\n<\/div>\n\n\n\n<div class=\"wp-block-uagb-column uagb-column__wrap uagb-column__background-undefined uagb-block-4095a86b\"><div class=\"uagb-column__overlay\"><\/div><\/div>\n<\/div><\/section>\n<\/div><\/section>\n","protected":false},"excerpt":{"rendered":"","protected":false},"author":1,"featured_media":0,"parent":0,"menu_order":0,"comment_status":"closed","ping_status":"closed","template":"","meta":{"_uag_custom_page_level_css":"","advgb_blocks_editor_width":"","advgb_blocks_columns_visual_guide":"","_rtcl_gb_attr":"","footnotes":""},"class_list":["post-22","page","type-page","status-publish","hentry"],"acf":[],"uagb_featured_image_src":{"full":false,"thumbnail":false,"medium":false,"medium_large":false,"large":false,"1536x1536":false,"2048x2048":false,"rtcl-gallery":false,"rtcl-thumbnail":false,"rtcl-gallery-thumbnail":false},"uagb_author_info":{"display_name":"Carla Dawson","author_link":"https:\/\/soilar.tech\/br\/author\/marcelobato\/"},"uagb_comment_info":0,"uagb_excerpt":null,"coauthors":[],"author_meta":{"author_link":"https:\/\/soilar.tech\/br\/author\/marcelobato\/","display_name":"Carla Dawson"},"relative_dates":{"created":"Publicado 3 anos atr\u00e1s","modified":"Atualizado 3 anos atr\u00e1s"},"absolute_dates":{"created":"Publicado em 21 de outubro de 2022","modified":"Atualizado em 8 de fevereiro de 2023"},"absolute_dates_time":{"created":"Publicado em 21 de outubro de 2022 12:59 am","modified":"Atualizado em 8 de fevereiro de 2023 5:33 pm"},"featured_img_caption":"","featured_img":false,"series_order":"","_links":{"self":[{"href":"https:\/\/soilar.tech\/br\/wp-json\/wp\/v2\/pages\/22","targetHints":{"allow":["GET"]}}],"collection":[{"href":"https:\/\/soilar.tech\/br\/wp-json\/wp\/v2\/pages"}],"about":[{"href":"https:\/\/soilar.tech\/br\/wp-json\/wp\/v2\/types\/page"}],"author":[{"embeddable":true,"href":"https:\/\/soilar.tech\/br\/wp-json\/wp\/v2\/users\/1"}],"replies":[{"embeddable":true,"href":"https:\/\/soilar.tech\/br\/wp-json\/wp\/v2\/comments?post=22"}],"version-history":[{"count":5,"href":"https:\/\/soilar.tech\/br\/wp-json\/wp\/v2\/pages\/22\/revisions"}],"predecessor-version":[{"id":364,"href":"https:\/\/soilar.tech\/br\/wp-json\/wp\/v2\/pages\/22\/revisions\/364"}],"wp:attachment":[{"href":"https:\/\/soilar.tech\/br\/wp-json\/wp\/v2\/media?parent=22"}],"curies":[{"name":"wp","href":"https:\/\/api.w.org\/{rel}","templated":true}]}}