{"id":15,"date":"2022-10-21T00:52:50","date_gmt":"2022-10-21T00:52:50","guid":{"rendered":"https:\/\/soilar.tech\/br\/?page_id=15"},"modified":"2022-10-21T20:30:01","modified_gmt":"2022-10-21T20:30:01","slug":"solucoes","status":"publish","type":"page","link":"https:\/\/soilar.tech\/br\/solucoes\/","title":{"rendered":"Solu\u00e7\u00f5es"},"content":{"rendered":"\n<section class=\"wp-block-uagb-section uagb-section__wrap uagb-section__background-none uagb-block-d42cbc70\"><div class=\"uagb-section__overlay\"><\/div><div class=\"uagb-section__inner-wrap\">\n<section class=\"wp-block-uagb-columns uagb-columns__wrap uagb-columns__background-none uagb-columns__stack-mobile uagb-columns__valign- uagb-columns__gap-10 align uagb-block-ed02e7d7 uagb-columns__columns-3 uagb-columns__max_width-theme\"><div class=\"uagb-columns__overlay\"><\/div><div class=\"uagb-columns__inner-wrap uagb-columns__columns-3\">\n<div class=\"wp-block-uagb-column uagb-column__wrap uagb-column__background-undefined uagb-block-4fc9a6c6\"><div class=\"uagb-column__overlay\"><\/div><\/div>\n\n\n\n<div class=\"wp-block-uagb-column uagb-column__wrap uagb-column__background-undefined uagb-block-b49ad916\"><div class=\"uagb-column__overlay\"><\/div>\n<h1 class=\"has-text-align-center wp-block-heading\">Soilar Technologies<\/h1>\n\n\n\n<p class=\"has-text-align-center\">Ajudamos os profissionais da \u00e1rea de limpeza de m\u00f3dulos fotovoltaicos, epc&#8217;s, integradores e empreendedores a resolver os problemas de sujeira fotovoltaica.<\/p>\n<\/div>\n\n\n\n<div class=\"wp-block-uagb-column uagb-column__wrap uagb-column__background-undefined uagb-block-8c85dd77\"><div class=\"uagb-column__overlay\"><\/div><\/div>\n<\/div><\/section>\n<\/div><\/section>\n\n\n\n<section class=\"wp-block-uagb-section uagb-section__wrap uagb-section__background-none uagb-block-0940575f\"><div class=\"uagb-section__overlay\"><\/div><div class=\"uagb-section__inner-wrap\"><div class=\"wp-block-image\">\n<figure class=\"aligncenter size-full\"><img decoding=\"async\" src=\"https:\/\/soilar.tech\/wp-content\/uploads\/banner-01.jpg\" alt=\"\" class=\"wp-image-487\" title=\"\"><\/figure>\n<\/div><\/div><\/section>\n\n\n\n<section class=\"wp-block-uagb-section uagb-section__wrap uagb-section__background-none uagb-block-4e2a47cd\"><div class=\"uagb-section__overlay\"><\/div><div class=\"uagb-section__inner-wrap\"><\/div><\/section>\n\n\n\n<section class=\"wp-block-uagb-section uagb-section__wrap uagb-section__background-none uagb-block-a5cb4e91\"><div class=\"uagb-section__overlay\"><\/div><div class=\"uagb-section__inner-wrap\">\n<div style=\"height:30px\" aria-hidden=\"true\" class=\"wp-block-spacer\"><\/div>\n\n\n\n<h2 class=\"has-text-align-center wp-block-heading\">Solu\u00e7\u00f5es de sujeira fotovoltaica da Proxima Gera\u00e7\u00e3o<\/h2>\n\n\n\n<div style=\"height:30px\" aria-hidden=\"true\" class=\"wp-block-spacer\"><\/div>\n\n\n\n<section class=\"wp-block-uagb-columns uagb-columns__wrap uagb-columns__background-none uagb-columns__stack-mobile uagb-columns__valign- uagb-columns__gap-10 align uagb-block-09d1f4e4 uagb-columns__columns-3 uagb-columns__max_width-theme\"><div class=\"uagb-columns__overlay\"><\/div><div class=\"uagb-columns__inner-wrap uagb-columns__columns-3\">\n<div class=\"wp-block-uagb-column uagb-column__wrap uagb-column__background-undefined uagb-block-ae7b8349 card-solution h-100\"><div class=\"uagb-column__overlay\"><\/div><div class=\"wp-block-image card-img-top\">\n<figure class=\"aligncenter size-full\"><img decoding=\"async\" src=\"https:\/\/soilar.tech\/wp-content\/uploads\/Mitigating-solution.jpg\" alt=\"\" class=\"wp-image-344\" title=\"\"><\/figure>\n<\/div>\n\n\n<h4 class=\"title-solution wp-block-heading\">Mitigando a sujeira fotovoltaica do design ao O&amp;M<\/h4>\n\n\n\n<p>Um bom projeto visando efici\u00eancia no O&amp;M traz 30 anos de valor.<\/p>\n<\/div>\n\n\n\n<div class=\"wp-block-uagb-column uagb-column__wrap uagb-column__background-undefined uagb-block-237f50d7 card-solution h-100\"><div class=\"uagb-column__overlay\"><\/div><div class=\"wp-block-image\">\n<figure class=\"aligncenter size-full\"><img decoding=\"async\" src=\"https:\/\/soilar.tech\/wp-content\/uploads\/Optimization-solution.jpg\" alt=\"\" class=\"wp-image-343\" title=\"\"><\/figure>\n<\/div>\n\n\n<h4 class=\"title-solution wp-block-heading\">Modelagem da otimiza\u00e7\u00e3o de limpeza fotovoltaica<\/h4>\n\n\n\n<p>Quer otimizar suas opera\u00e7\u00f5es de limpeza de m\u00f3dulos fotovoltaicos? Nossos servi\u00e7os de modelagem ajudar\u00e3o voc\u00ea a escolher o equipamento, a equipe e o suporte log\u00edstico certo para fazer o trabalho de forma eficiente. \u00a0<\/p>\n<\/div>\n\n\n\n<div class=\"wp-block-uagb-column uagb-column__wrap uagb-column__background-undefined uagb-block-9b628c89 card-solution h-100\"><div class=\"uagb-column__overlay\"><\/div><div class=\"wp-block-image\">\n<figure class=\"aligncenter size-full\"><img decoding=\"async\" src=\"https:\/\/soilar.tech\/wp-content\/uploads\/Soiling-solution.jpg\" alt=\"\" class=\"wp-image-348\" title=\"\"><\/figure>\n<\/div>\n\n\n<h4 class=\"title-solution wp-block-heading\">Monitores de sujeira fotovoltaica e an\u00e1lises<\/h4>\n\n\n\n<p>Tenha controle sob os n\u00edveis de sujeira fotovoltaica com precis\u00e3o para tomar melhores decis\u00f5es<\/p>\n<\/div>\n<\/div><\/section>\n\n\n\n<section class=\"wp-block-uagb-columns uagb-columns__wrap uagb-columns__background-none uagb-columns__stack-mobile uagb-columns__valign- uagb-columns__gap-10 align uagb-block-030d19c9 uagb-columns__columns-3 uagb-columns__max_width-theme\"><div class=\"uagb-columns__overlay\"><\/div><div class=\"uagb-columns__inner-wrap uagb-columns__columns-3\">\n<div class=\"wp-block-uagb-column uagb-column__wrap uagb-column__background-undefined uagb-block-1ff7c290 card-solution h-100\"><div class=\"uagb-column__overlay\"><\/div><div class=\"wp-block-image\">\n<figure class=\"aligncenter size-full\"><img decoding=\"async\" src=\"https:\/\/soilar.tech\/wp-content\/uploads\/Quoting-solution.jpg\" alt=\"\" class=\"wp-image-347\" title=\"\"><\/figure>\n<\/div>\n\n\n<h4 class=\"title-solution wp-block-heading\">Software de precifica\u00e7\u00e3o de limpeza de m\u00f3dulos fotovoltaicos<\/h4>\n\n\n\n<p>Voc\u00ea oferece servi\u00e7os de limpeza de m\u00f3dulos fotovoltaicos? Voc\u00ea tem dificuldade em definir os custos envolvidos no servi\u00e7o com precis\u00e3o? Quer saber quanto pode ganhar em cada trabalho? Conhe\u00e7a nosso software para precifica\u00e7\u00e3o da limpeza de m\u00f3dulos fotovoltaicos.<\/p>\n<\/div>\n\n\n\n<div class=\"wp-block-uagb-column uagb-column__wrap uagb-column__background-undefined uagb-block-e4c59a02 card-solution h-100\"><div class=\"uagb-column__overlay\"><\/div><div class=\"wp-block-image\">\n<figure class=\"aligncenter size-full\"><img decoding=\"async\" src=\"https:\/\/soilar.tech\/wp-content\/uploads\/Equipment-solution.jpg\" alt=\"\" class=\"wp-image-346\" title=\"\"><\/figure>\n<\/div>\n\n\n<h4 class=\"title-solution wp-block-heading\">Equipamento de limpeza de m\u00f3dulos fotovoltaicos<\/h4>\n\n\n\n<p>Escolha o equipamento certo.<\/p>\n<\/div>\n\n\n\n<div class=\"wp-block-uagb-column uagb-column__wrap uagb-column__background-undefined uagb-block-480e780e card-solution h-100\"><div class=\"uagb-column__overlay\"><\/div><div class=\"wp-block-image\">\n<figure class=\"aligncenter size-full\"><img decoding=\"async\" src=\"https:\/\/soilar.tech\/wp-content\/uploads\/Deterrent-solution.jpg\" alt=\"\" class=\"wp-image-345\" title=\"\"><\/figure>\n<\/div>\n\n\n<h4 class=\"title-solution wp-block-heading\">Sistemas de dissuas\u00e3o de aves<\/h4>\n\n\n\n<p>Reduza a sujeira fotovoltaica usando sistemas de dissuas\u00e3o de aves.<\/p>\n<\/div>\n<\/div><\/section>\n\n\n\n<section class=\"wp-block-uagb-columns uagb-columns__wrap uagb-columns__background-none uagb-columns__stack-mobile uagb-columns__valign- uagb-columns__gap-10 align uagb-block-cbefc090 uagb-columns__columns-3 uagb-columns__max_width-theme\"><div class=\"uagb-columns__overlay\"><\/div><div class=\"uagb-columns__inner-wrap uagb-columns__columns-3\">\n<div class=\"wp-block-uagb-column uagb-column__wrap uagb-column__background-undefined uagb-block-2583dbc8 card-solution h-100\"><div class=\"uagb-column__overlay\"><\/div><div class=\"wp-block-image\">\n<figure class=\"aligncenter size-full\"><img decoding=\"async\" src=\"https:\/\/soilar.tech\/wp-content\/uploads\/wash-solution.jpg\" alt=\"\" class=\"wp-image-342\" title=\"\"><\/figure>\n<\/div>\n\n\n<h4 class=\"title-solution wp-block-heading\">Produtos anti-sujeira<\/h4>\n\n\n\n<p>Reduza os n\u00edveis de sujidade atrav\u00e9s da prote\u00e7\u00e3o antiest\u00e1tica de m\u00f3dulos fotovoltaicos.<\/p>\n<\/div>\n\n\n\n<div class=\"wp-block-uagb-column uagb-column__wrap uagb-column__background-undefined uagb-block-a90798b1 card-solution h-100\"><div class=\"uagb-column__overlay\"><\/div><div class=\"wp-block-image\">\n<figure class=\"aligncenter size-full\"><img decoding=\"async\" src=\"https:\/\/soilar.tech\/wp-content\/uploads\/Deionizer-solution.jpg\" alt=\"\" class=\"wp-image-341\" title=\"\"><\/figure>\n<\/div>\n\n\n<h4 class=\"title-solution wp-block-heading\">Deionizador de \u00e1gua industrial<\/h4>\n\n\n\n<p>Mantenha seus m\u00f3dulos limpos por mais tempo limpas com \u00e1gua deionizada<\/p>\n<\/div>\n\n\n\n<div class=\"wp-block-uagb-column uagb-column__wrap uagb-column__background-undefined uagb-block-6d6ecfd8 card-solution h-100\"><div class=\"uagb-column__overlay\"><\/div><div class=\"wp-block-image\">\n<figure class=\"aligncenter size-full\"><img decoding=\"async\" src=\"https:\/\/soilar.tech\/wp-content\/uploads\/Siphon-solution.jpg\" alt=\"\" class=\"wp-image-340\" title=\"\"><\/figure>\n<\/div>\n\n\n<h4 class=\"title-solution wp-block-heading\">Clipes de sif\u00e3o solar<\/h4>\n\n\n\n<p>Os clipes de sif\u00e3o solar impedem o ac\u00famulo de \u00e1gua e poeira drenando a \u00e1gua estagnada dos m\u00f3dulos fotovoltaicos.<\/p>\n<\/div>\n<\/div><\/section>\n\n\n\n<section class=\"wp-block-uagb-columns uagb-columns__wrap uagb-columns__background-none uagb-columns__stack-mobile uagb-columns__valign- uagb-columns__gap-10 align uagb-block-c9a3465e uagb-columns__columns-3 uagb-columns__max_width-theme\"><div class=\"uagb-columns__overlay\"><\/div><div class=\"uagb-columns__inner-wrap uagb-columns__columns-3\">\n<div class=\"wp-block-uagb-column uagb-column__wrap uagb-column__background-undefined uagb-block-ed1552d0 card-solution h-100\"><div class=\"uagb-column__overlay\"><\/div><div class=\"wp-block-image\">\n<figure class=\"aligncenter size-full\"><img decoding=\"async\" src=\"https:\/\/soilar.tech\/wp-content\/uploads\/Safety-solution.jpg\" alt=\"\" class=\"wp-image-339\" title=\"\"><\/figure>\n<\/div>\n\n\n<h4 class=\"title-solution wp-block-heading\">Seguran\u00e7a na limpeza de m\u00f3dulos fotovoltaicos<\/h4>\n\n\n\n<p>Os profissionais de limpeza de m\u00f3dulos fotovoltaicos enfrentam v\u00e1rios riscos. Aprenda a evitar esses riscos, educando-se sobre a seguran\u00e7a de limpeza de m\u00f3dulos fotovoltaicos.<\/p>\n<\/div>\n\n\n\n<div class=\"wp-block-uagb-column uagb-column__wrap uagb-column__background-undefined uagb-block-402ac781 card-solution h-100\"><div class=\"uagb-column__overlay\"><\/div><div class=\"wp-block-image\">\n<figure class=\"aligncenter size-full\"><img decoding=\"async\" src=\"https:\/\/soilar.tech\/wp-content\/uploads\/Lifts-solution.jpg\" alt=\"\" class=\"wp-image-338\" title=\"\"><\/figure>\n<\/div>\n\n\n<h4 class=\"title-solution wp-block-heading\">Elevadores<\/h4>\n\n\n\n<p>Nossos elevadores s\u00e3o ideais para profissionais de m\u00f3dulos fotovoltaicos que se deparam com a limpeza de locais desafiadores regularmente.<\/p>\n<\/div>\n\n\n\n<div class=\"wp-block-uagb-column uagb-column__wrap uagb-column__background-undefined uagb-block-b98a3e3c card-solution h-100\"><div class=\"uagb-column__overlay\"><\/div><div class=\"wp-block-image\">\n<figure class=\"aligncenter size-full\"><img decoding=\"async\" src=\"https:\/\/soilar.tech\/wp-content\/uploads\/Trailers-solution.jpg\" alt=\"\" class=\"wp-image-337\" title=\"\"><\/figure>\n<\/div>\n\n\n<h4 class=\"title-solution wp-block-heading\">Traillers personalizados<\/h4>\n\n\n\n<p>Precisa de um bom sistema para mover seu equipamento? Reboques personalizados projetados para profissionais de m\u00f3dulos fotovoltaicos.<\/p>\n<\/div>\n<\/div><\/section>\n\n\n\n<div style=\"height:100px\" aria-hidden=\"true\" class=\"wp-block-spacer\"><\/div>\n<\/div><\/section>\n","protected":false},"excerpt":{"rendered":"","protected":false},"author":1,"featured_media":0,"parent":0,"menu_order":0,"comment_status":"closed","ping_status":"closed","template":"","meta":{"_uag_custom_page_level_css":"","advgb_blocks_editor_width":"","advgb_blocks_columns_visual_guide":"","_rtcl_gb_attr":"","footnotes":""},"class_list":["post-15","page","type-page","status-publish","hentry"],"acf":[],"uagb_featured_image_src":{"full":false,"thumbnail":false,"medium":false,"medium_large":false,"large":false,"1536x1536":false,"2048x2048":false,"rtcl-gallery":false,"rtcl-thumbnail":false,"rtcl-gallery-thumbnail":false},"uagb_author_info":{"display_name":"Carla Dawson","author_link":"https:\/\/soilar.tech\/br\/author\/marcelobato\/"},"uagb_comment_info":0,"uagb_excerpt":null,"coauthors":[],"author_meta":{"author_link":"https:\/\/soilar.tech\/br\/author\/marcelobato\/","display_name":"Carla Dawson"},"relative_dates":{"created":"Publicado 3 anos atr\u00e1s","modified":"Atualizado 3 anos atr\u00e1s"},"absolute_dates":{"created":"Publicado em 21 de outubro de 2022","modified":"Atualizado em 21 de outubro de 2022"},"absolute_dates_time":{"created":"Publicado em 21 de outubro de 2022 12:52 am","modified":"Atualizado em 21 de outubro de 2022 8:30 pm"},"featured_img_caption":"","featured_img":false,"series_order":"","_links":{"self":[{"href":"https:\/\/soilar.tech\/br\/wp-json\/wp\/v2\/pages\/15","targetHints":{"allow":["GET"]}}],"collection":[{"href":"https:\/\/soilar.tech\/br\/wp-json\/wp\/v2\/pages"}],"about":[{"href":"https:\/\/soilar.tech\/br\/wp-json\/wp\/v2\/types\/page"}],"author":[{"embeddable":true,"href":"https:\/\/soilar.tech\/br\/wp-json\/wp\/v2\/users\/1"}],"replies":[{"embeddable":true,"href":"https:\/\/soilar.tech\/br\/wp-json\/wp\/v2\/comments?post=15"}],"version-history":[{"count":4,"href":"https:\/\/soilar.tech\/br\/wp-json\/wp\/v2\/pages\/15\/revisions"}],"predecessor-version":[{"id":31,"href":"https:\/\/soilar.tech\/br\/wp-json\/wp\/v2\/pages\/15\/revisions\/31"}],"wp:attachment":[{"href":"https:\/\/soilar.tech\/br\/wp-json\/wp\/v2\/media?parent=15"}],"curies":[{"name":"wp","href":"https:\/\/api.w.org\/{rel}","templated":true}]}}